{"id":6072,"date":"2023-10-31T20:35:34","date_gmt":"2023-10-31T20:35:34","guid":{"rendered":"https:\/\/groupeurman.com\/?page_id=6072"},"modified":"2024-06-19T20:22:48","modified_gmt":"2024-06-19T20:22:48","slug":"a-propos-de-nous","status":"publish","type":"page","link":"https:\/\/www.groupeurman.com\/fr\/a-propos-de-nous\/","title":{"rendered":"\u00c0 PROPOS DE NOUS"},"content":{"rendered":"[mk_page_section bg_image=\u00a0\u00bbhttps:\/\/www.groupeurman.com\/wp-content\/uploads\/2023\/10\/handshake-1919&#215;300-1.jpg\u00a0\u00bb bg_position=\u00a0\u00bbcenter center\u00a0\u00bb bg_repeat=\u00a0\u00bbno-repeat\u00a0\u00bb bg_stretch=\u00a0\u00bbtrue\u00a0\u00bb video_color_mask=\u00a0\u00bb#000000&Prime; min_height=\u00a0\u00bb300&Prime; sidebar=\u00a0\u00bbsidebar-1&Prime;][vc_column][mk_padding_divider size=\u00a0\u00bb100&Prime; visibility=\u00a0\u00bbhidden-sm\u00a0\u00bb][mk_padding_divider size=\u00a0\u00bb120&Prime; visibility=\u00a0\u00bbvisible-sm\u00a0\u00bb][mk_fancy_title size=\u00a0\u00bb65&Prime; force_font_size=\u00a0\u00bbtrue\u00a0\u00bb size_tablet=\u00a0\u00bb50&Prime; size_phone=\u00a0\u00bb30&Prime; font_weight=\u00a0\u00bb600&Prime; font_family=\u00a0\u00bbnone\u00a0\u00bb align=\u00a0\u00bbcenter\u00a0\u00bb]<span style=\"color: #ffffff;\">\u00c0 PROPOS DE NOUS<\/span>[\/mk_fancy_title][\/vc_column][\/mk_page_section][mk_page_section][vc_column][mk_padding_divider size=\u00a0\u00bb25&Prime;][mk_fancy_title size=\u00a0\u00bb25&Prime; force_font_size=\u00a0\u00bbtrue\u00a0\u00bb font_weight=\u00a0\u00bbbold\u00a0\u00bb margin_bottom=\u00a0\u00bb0&Prime; font_family=\u00a0\u00bbnone\u00a0\u00bb align=\u00a0\u00bbcenter\u00a0\u00bb]<span style=\"color: #080e3e;\">Bienvenue chez Groupe Urman &#8211; Votre partenaire de confiance en excellence en construction.<\/span>[\/mk_fancy_title][vc_column_text align=\u00a0\u00bbcenter\u00a0\u00bb css=\u00a0\u00bb.vc_custom_1714429870696{margin-bottom: 0px !important;}\u00a0\u00bb]<span style=\"color: #080e3e;\">Chez Groupe Urman, nous ne sommes pas simplement des entrepreneurs; nous sommes des cr\u00e9ateurs de l\u00e9gendes durables. Fond\u00e9e par Gil Urman en 1988, notre entreprise b\u00e9n\u00e9ficie de plus de 35 ans d&rsquo;engagement ind\u00e9fectible \u00e0 fournir des solutions de construction exceptionnelles.<\/span>[\/vc_column_text][mk_fancy_title size=\u00a0\u00bb20&Prime; force_font_size=\u00a0\u00bbtrue\u00a0\u00bb font_weight=\u00a0\u00bb600&Prime; margin_bottom=\u00a0\u00bb0&Prime; font_family=\u00a0\u00bbnone\u00a0\u00bb]<span style=\"color: #080e3e;\">Notre Histoire<\/span>[\/mk_fancy_title][vc_column_text css=\u00a0\u00bb.vc_custom_1714429931571{margin-bottom: 0px !important;}\u00a0\u00bb]La vision de Gil Urman \u00e9tait simple mais profonde : construire plus que des structures ; construire des communaut\u00e9s, des relations et de la confiance. Avec cette \u00e9thique comme notre guide, nous avons entrepris un voyage qui nous a conduits \u00e0 devenir l&rsquo;une des premi\u00e8res entreprises de construction au Canada.[\/vc_column_text][mk_fancy_title size=\u00a0\u00bb20&Prime; force_font_size=\u00a0\u00bbtrue\u00a0\u00bb font_weight=\u00a0\u00bb600&Prime; margin_bottom=\u00a0\u00bb0&Prime; font_family=\u00a0\u00bbnone\u00a0\u00bb]<span style=\"color: #080e3e;\">Notre Expertise<\/span>[\/mk_fancy_title][vc_column_text css=\u00a0\u00bb.vc_custom_1714429970633{margin-bottom: 0px !important;}\u00a0\u00bb]Notre si\u00e8ge social est nich\u00e9 au c\u0153ur du Qu\u00e9bec, mais notre port\u00e9e s&rsquo;\u00e9tend loin et large. Avec des \u00e9quipes strat\u00e9giquement situ\u00e9es partout au Canada, nous apportons notre expertise \u00e0 des projets de toutes tailles et complexit\u00e9s. De la construction commerciale et institutionnelle aux d\u00e9veloppements h\u00f4teliers et r\u00e9sidentiels, notre portfolio t\u00e9moigne de notre polyvalence et de notre d\u00e9vouement.[\/vc_column_text][mk_fancy_title size=\u00a0\u00bb20&Prime; force_font_size=\u00a0\u00bbtrue\u00a0\u00bb font_weight=\u00a0\u00bb600&Prime; margin_bottom=\u00a0\u00bb0&Prime; font_family=\u00a0\u00bbnone\u00a0\u00bb]<span style=\"color: #080e3e;\">Pourquoi Choisir Groupe Urman ?<\/span>[\/mk_fancy_title][vc_column_text css=\u00a0\u00bb.vc_custom_1714430001630{margin-bottom: 0px !important;}\u00a0\u00bb]Au fil des d\u00e9cennies, nous avons acquis une r\u00e9putation de pr\u00e9cision, d&rsquo;innovation et d&rsquo;excellence. Notre engagement envers l&rsquo;artisanat de qualit\u00e9 et les pratiques durables est profond\u00e9ment ancr\u00e9 dans notre ADN. Nous sommes fiers de comprendre les besoins uniques de chaque projet et d&rsquo;adapter nos solutions en cons\u00e9quence.[\/vc_column_text][mk_fancy_title size=\u00a0\u00bb20&Prime; force_font_size=\u00a0\u00bbtrue\u00a0\u00bb font_weight=\u00a0\u00bb600&Prime; margin_bottom=\u00a0\u00bb0&Prime; font_family=\u00a0\u00bbnone\u00a0\u00bb]<span style=\"color: #080e3e;\">Notre Engagement<\/span>[\/mk_fancy_title][vc_column_text css=\u00a0\u00bb.vc_custom_1714430030685{margin-bottom: 0px !important;}\u00a0\u00bb]En choisissant Groupe Urman, vous ne choisissez pas seulement une entreprise de construction; vous choisissez un partenaire qui donnera vie \u00e0 votre vision. Avec une histoire riche, une \u00e9quipe passionn\u00e9e et un engagement ind\u00e9fectible envers l&rsquo;excellence, Groupe Urman est le nom en qui vous pouvez avoir confiance dans le monde de la construction. Nous vous invitons \u00e0 explorer notre portfolio et \u00e0 d\u00e9couvrir pourquoi nous sommes le choix pr\u00e9f\u00e9r\u00e9 de ceux qui n&rsquo;acceptent que le meilleur.[\/vc_column_text][\/vc_column][\/mk_page_section]\n","protected":false},"excerpt":{"rendered":"<p>[mk_page_section bg_image=\u00a0\u00bbhttps:\/\/www.groupeurman.com\/wp-content\/uploads\/2023\/10\/handshake-1919&#215;300-1.jpg\u00a0\u00bb bg_position=\u00a0\u00bbcenter center\u00a0\u00bb bg_repeat=\u00a0\u00bbno-repeat\u00a0\u00bb bg_stretch=\u00a0\u00bbtrue\u00a0\u00bb video_color_mask=\u00a0\u00bb#000000&Prime; min_height=\u00a0\u00bb300&Prime; sidebar=\u00a0\u00bbsidebar-1&Prime;][vc_column][mk_padding_divider size=\u00a0\u00bb100&Prime; visibility=\u00a0\u00bbhidden-sm\u00a0\u00bb][mk_padding_divider size=\u00a0\u00bb120&Prime; visibility=\u00a0\u00bbvisible-sm\u00a0\u00bb][mk_fancy_title size=\u00a0\u00bb65&Prime; force_font_size=\u00a0\u00bbtrue\u00a0\u00bb size_tablet=\u00a0\u00bb50&Prime; size_phone=\u00a0\u00bb30&Prime; font_weight=\u00a0\u00bb600&Prime; font_family=\u00a0\u00bbnone\u00a0\u00bb align=\u00a0\u00bbcenter\u00a0\u00bb]\u00c0 PROPOS DE NOUS[\/mk_fancy_title][\/vc_column][\/mk_page_section][mk_page_section][vc_column][mk_padding_divider size=\u00a0\u00bb25&Prime;][mk_fancy_title size=\u00a0\u00bb25&Prime; force_font_size=\u00a0\u00bbtrue\u00a0\u00bb font_weight=\u00a0\u00bbbold\u00a0\u00bb margin_bottom=\u00a0\u00bb0&Prime; font_family=\u00a0\u00bbnone\u00a0\u00bb align=\u00a0\u00bbcenter\u00a0\u00bb]Bienvenue chez Groupe Urman &#8211; Votre partenaire de confiance en excellence en construction.[\/mk_fancy_title][vc_column_text align=\u00a0\u00bbcenter\u00a0\u00bb css=\u00a0\u00bb.vc_custom_1714429870696{margin-bottom: 0px !important;}\u00a0\u00bb]Chez Groupe Urman, nous ne sommes pas simplement des entrepreneurs; [&hellip;]<\/p>\n","protected":false},"author":1,"featured_media":0,"parent":0,"menu_order":5,"comment_status":"closed","ping_status":"closed","template":"","meta":{"footnotes":""},"class_list":["post-6072","page","type-page","status-publish","hentry"],"_links":{"self":[{"href":"https:\/\/www.groupeurman.com\/fr\/wp-json\/wp\/v2\/pages\/6072","targetHints":{"allow":["GET"]}}],"collection":[{"href":"https:\/\/www.groupeurman.com\/fr\/wp-json\/wp\/v2\/pages"}],"about":[{"href":"https:\/\/www.groupeurman.com\/fr\/wp-json\/wp\/v2\/types\/page"}],"author":[{"embeddable":true,"href":"https:\/\/www.groupeurman.com\/fr\/wp-json\/wp\/v2\/users\/1"}],"replies":[{"embeddable":true,"href":"https:\/\/www.groupeurman.com\/fr\/wp-json\/wp\/v2\/comments?post=6072"}],"version-history":[{"count":4,"href":"https:\/\/www.groupeurman.com\/fr\/wp-json\/wp\/v2\/pages\/6072\/revisions"}],"predecessor-version":[{"id":6105,"href":"https:\/\/www.groupeurman.com\/fr\/wp-json\/wp\/v2\/pages\/6072\/revisions\/6105"}],"wp:attachment":[{"href":"https:\/\/www.groupeurman.com\/fr\/wp-json\/wp\/v2\/media?parent=6072"}],"curies":[{"name":"wp","href":"https:\/\/api.w.org\/{rel}","templated":true}]}}