{"id":6069,"date":"2023-11-01T15:34:54","date_gmt":"2023-11-01T15:34:54","guid":{"rendered":"https:\/\/groupeurman.com\/?page_id=6069"},"modified":"2024-06-19T20:17:28","modified_gmt":"2024-06-19T20:17:28","slug":"entretien-des-installations","status":"publish","type":"page","link":"https:\/\/www.groupeurman.com\/fr\/entretien-des-installations\/","title":{"rendered":"ENTRETIEN DES INSTALLATIONS"},"content":{"rendered":"<div class=\"wpb-content-wrapper\">[mk_page_section bg_image=\u00a0\u00bbhttps:\/\/www.groupeurman.com\/wp-content\/uploads\/2023\/11\/warehouse.jpg\u00a0\u00bb bg_position=\u00a0\u00bbcenter center\u00a0\u00bb bg_repeat=\u00a0\u00bbno-repeat\u00a0\u00bb bg_stretch=\u00a0\u00bbtrue\u00a0\u00bb video_color_mask=\u00a0\u00bb#000000&Prime; min_height=\u00a0\u00bb300&Prime; sidebar=\u00a0\u00bbsidebar-1&Prime;][vc_column][mk_padding_divider size=\u00a0\u00bb100&Prime;][mk_fancy_title color=\u00a0\u00bb#ffffff\u00a0\u00bb size=\u00a0\u00bb65&Prime; force_font_size=\u00a0\u00bbtrue\u00a0\u00bb size_tablet=\u00a0\u00bb50&Prime; size_phone=\u00a0\u00bb30&Prime; font_weight=\u00a0\u00bb600&Prime; font_family=\u00a0\u00bbnone\u00a0\u00bb align=\u00a0\u00bbcenter\u00a0\u00bb]ENTRETIEN DES INSTALLATIONS[\/mk_fancy_title][\/vc_column][\/mk_page_section][vc_row][vc_column width=\u00a0\u00bb1\/2&Prime;][mk_padding_divider size=\u00a0\u00bb20&Prime;][\/vc_column][vc_column width=\u00a0\u00bb1\/2&Prime;][\/vc_column][\/vc_row][vc_row][vc_column][vc_column_text css=\u00a0\u00bb.vc_custom_1714429404510{margin-bottom: 0px !important;}\u00a0\u00bb]<span style=\"color: #080e3e;\"><strong>L&rsquo;\u00e9quipe de maintenance des installations<\/strong> du Groupe Urman offre une vaste gamme de services con\u00e7us pour garantir le bon fonctionnement, la s\u00e9curit\u00e9 et la qualit\u00e9 globale d&rsquo;un b\u00e2timent et de ses syst\u00e8mes. Notre \u00e9quipe professionnelle est \u00e0 la fois fiable et engag\u00e9e \u00e0 fournir des services de haute qualit\u00e9 r\u00e9pondant aux besoins sp\u00e9cifiques de l&rsquo;installation que nous entretenons.<\/span>[\/vc_column_text][vc_row_inner][vc_column_inner width=\u00a0\u00bb1\/4&Prime;][mk_fancy_title size=\u00a0\u00bb15&Prime; font_weight=\u00a0\u00bbbold\u00a0\u00bb margin_bottom=\u00a0\u00bb0&Prime; font_family=\u00a0\u00bbnone\u00a0\u00bb align=\u00a0\u00bbcenter\u00a0\u00bb]<span style=\"color: #080e3e;\">Conformit\u00e9 et r\u00e9glementations<\/span><\/p>\n<p><span style=\"color: #080e3e;\">Services HVAC<\/span>[\/mk_fancy_title][\/vc_column_inner][vc_column_inner width=\u00a0\u00bb1\/4&Prime;][mk_fancy_title size=\u00a0\u00bb15&Prime; font_weight=\u00a0\u00bbbold\u00a0\u00bb margin_bottom=\u00a0\u00bb0&Prime; font_family=\u00a0\u00bbnone\u00a0\u00bb align=\u00a0\u00bbcenter\u00a0\u00bb]<span style=\"color: #080e3e;\">Services de plomberie<\/span><\/p>\n<p><span style=\"color: #080e3e;\">Maintenance r\u00e9guli\u00e8re et r\u00e9parations<\/span>[\/mk_fancy_title][\/vc_column_inner][vc_column_inner width=\u00a0\u00bb1\/4&Prime;][mk_fancy_title size=\u00a0\u00bb15&Prime; font_weight=\u00a0\u00bbbold\u00a0\u00bb margin_bottom=\u00a0\u00bb0&Prime; font_family=\u00a0\u00bbnone\u00a0\u00bb align=\u00a0\u00bbcenter\u00a0\u00bb]<span style=\"color: #080e3e;\">Installation \u00e9lectrique et r\u00e9parations<\/span><\/p>\n<p><span style=\"color: #080e3e;\">Peinture et r\u00e9novation<\/span>[\/mk_fancy_title][\/vc_column_inner][vc_column_inner width=\u00a0\u00bb1\/4&Prime;][mk_fancy_title size=\u00a0\u00bb15&Prime; font_weight=\u00a0\u00bbbold\u00a0\u00bb margin_bottom=\u00a0\u00bb0&Prime; font_family=\u00a0\u00bbnone\u00a0\u00bb align=\u00a0\u00bbcenter\u00a0\u00bb]<span style=\"color: #080e3e;\">Serrures et s\u00e9curit\u00e9<\/span><\/p>\n<p><span style=\"color: #080e3e;\">Efficacit\u00e9 \u00e9nerg\u00e9tique<\/span>[\/mk_fancy_title][\/vc_column_inner][\/vc_row_inner][vc_row_inner][vc_column_inner][mk_fancy_title color=\u00a0\u00bb#080e3e\u00a0\u00bb size=\u00a0\u00bb24&Prime; font_weight=\u00a0\u00bbbold\u00a0\u00bb margin_bottom=\u00a0\u00bb0&Prime; font_family=\u00a0\u00bbnone\u00a0\u00bb align=\u00a0\u00bbcenter\u00a0\u00bb]. . . et BEAUCOUP PLUS[\/mk_fancy_title][\/vc_column_inner][\/vc_row_inner][\/vc_column][\/vc_row][vc_row][vc_column][mk_padding_divider size=\u00a0\u00bb20&Prime;][vc_row_inner][vc_column_inner width=\u00a0\u00bb2\/12&Prime;][\/vc_column_inner][vc_column_inner width=\u00a0\u00bb4\/12&Prime;][vc_single_image image=\u00a0\u00bb5709&Prime; img_size=\u00a0\u00bbfull\u00a0\u00bb alignment=\u00a0\u00bbcenter\u00a0\u00bb][\/vc_column_inner][vc_column_inner width=\u00a0\u00bb4\/12&Prime;][vc_single_image image=\u00a0\u00bb5656&Prime; img_size=\u00a0\u00bbfull\u00a0\u00bb alignment=\u00a0\u00bbcenter\u00a0\u00bb][\/vc_column_inner][vc_column_inner width=\u00a0\u00bb2\/12&Prime;][\/vc_column_inner][\/vc_row_inner][\/vc_column][\/vc_row][vc_row][vc_column width=\u00a0\u00bb1\/3&Prime;][vc_single_image image=\u00a0\u00bb5657&Prime; img_size=\u00a0\u00bbfull\u00a0\u00bb alignment=\u00a0\u00bbcenter\u00a0\u00bb][\/vc_column][vc_column width=\u00a0\u00bb1\/3&Prime;][vc_single_image image=\u00a0\u00bb5665&Prime; img_size=\u00a0\u00bbfull\u00a0\u00bb alignment=\u00a0\u00bbcenter\u00a0\u00bb][\/vc_column][vc_column width=\u00a0\u00bb1\/3&Prime;][vc_single_image image=\u00a0\u00bb5664&Prime; img_size=\u00a0\u00bbfull\u00a0\u00bb alignment=\u00a0\u00bbcenter\u00a0\u00bb][\/vc_column][\/vc_row][vc_row][vc_column][mk_padding_divider size=\u00a0\u00bb20&Prime;][\/vc_column][\/vc_row]\n<\/div>","protected":false},"excerpt":{"rendered":"<p>[mk_page_section bg_image=\u00a0\u00bbhttps:\/\/www.groupeurman.com\/wp-content\/uploads\/2023\/11\/warehouse.jpg\u00a0\u00bb bg_position=\u00a0\u00bbcenter center\u00a0\u00bb bg_repeat=\u00a0\u00bbno-repeat\u00a0\u00bb bg_stretch=\u00a0\u00bbtrue\u00a0\u00bb video_color_mask=\u00a0\u00bb#000000&Prime; min_height=\u00a0\u00bb300&Prime; sidebar=\u00a0\u00bbsidebar-1&Prime;][vc_column][mk_padding_divider size=\u00a0\u00bb100&Prime;][mk_fancy_title color=\u00a0\u00bb#ffffff\u00a0\u00bb size=\u00a0\u00bb65&Prime; force_font_size=\u00a0\u00bbtrue\u00a0\u00bb size_tablet=\u00a0\u00bb50&Prime; size_phone=\u00a0\u00bb30&Prime; font_weight=\u00a0\u00bb600&Prime; font_family=\u00a0\u00bbnone\u00a0\u00bb align=\u00a0\u00bbcenter\u00a0\u00bb]ENTRETIEN DES INSTALLATIONS[\/mk_fancy_title][\/vc_column][\/mk_page_section][vc_row][vc_column width=\u00a0\u00bb1\/2&Prime;][mk_padding_divider size=\u00a0\u00bb20&Prime;][\/vc_column][vc_column width=\u00a0\u00bb1\/2&Prime;][\/vc_column][\/vc_row][vc_row][vc_column][vc_column_text css=\u00a0\u00bb.vc_custom_1714429404510{margin-bottom: 0px !important;}\u00a0\u00bb]L&rsquo;\u00e9quipe de maintenance des installations du Groupe Urman offre une vaste gamme de services con\u00e7us pour garantir le bon fonctionnement, la s\u00e9curit\u00e9 et la qualit\u00e9 globale d&rsquo;un b\u00e2timent et de [&hellip;]<\/p>\n","protected":false},"author":1,"featured_media":0,"parent":0,"menu_order":4,"comment_status":"closed","ping_status":"closed","template":"","meta":{"footnotes":""},"class_list":["post-6069","page","type-page","status-publish","hentry"],"_links":{"self":[{"href":"https:\/\/www.groupeurman.com\/fr\/wp-json\/wp\/v2\/pages\/6069","targetHints":{"allow":["GET"]}}],"collection":[{"href":"https:\/\/www.groupeurman.com\/fr\/wp-json\/wp\/v2\/pages"}],"about":[{"href":"https:\/\/www.groupeurman.com\/fr\/wp-json\/wp\/v2\/types\/page"}],"author":[{"embeddable":true,"href":"https:\/\/www.groupeurman.com\/fr\/wp-json\/wp\/v2\/users\/1"}],"replies":[{"embeddable":true,"href":"https:\/\/www.groupeurman.com\/fr\/wp-json\/wp\/v2\/comments?post=6069"}],"version-history":[{"count":2,"href":"https:\/\/www.groupeurman.com\/fr\/wp-json\/wp\/v2\/pages\/6069\/revisions"}],"predecessor-version":[{"id":6103,"href":"https:\/\/www.groupeurman.com\/fr\/wp-json\/wp\/v2\/pages\/6069\/revisions\/6103"}],"wp:attachment":[{"href":"https:\/\/www.groupeurman.com\/fr\/wp-json\/wp\/v2\/media?parent=6069"}],"curies":[{"name":"wp","href":"https:\/\/api.w.org\/{rel}","templated":true}]}}