{"id":6059,"date":"2023-11-01T18:18:48","date_gmt":"2023-11-01T18:18:48","guid":{"rendered":"https:\/\/groupeurman.com\/?page_id=6059"},"modified":"2024-06-19T20:09:34","modified_gmt":"2024-06-19T20:09:34","slug":"construction-dhospitalite","status":"publish","type":"page","link":"https:\/\/www.groupeurman.com\/fr\/contractant-general\/construction-dhospitalite\/","title":{"rendered":"CONSTRUCTION D&rsquo;HOSPITALIT\u00c9"},"content":{"rendered":"<div class=\"wpb-content-wrapper\">[mk_page_section bg_image=\u00a0\u00bbhttps:\/\/www.groupeurman.com\/wp-content\/uploads\/2023\/11\/gu-dining-room-449920291-2000&#215;787-1.jpg\u00a0\u00bb bg_position=\u00a0\u00bbcenter center\u00a0\u00bb bg_repeat=\u00a0\u00bbno-repeat\u00a0\u00bb bg_stretch=\u00a0\u00bbtrue\u00a0\u00bb video_color_mask=\u00a0\u00bb#000000&Prime; min_height=\u00a0\u00bb300&Prime; sidebar=\u00a0\u00bbsidebar-1&Prime;][vc_column][mk_padding_divider size=\u00a0\u00bb100&Prime;][mk_fancy_title size=\u00a0\u00bb65&Prime; force_font_size=\u00a0\u00bbtrue\u00a0\u00bb size_tablet=\u00a0\u00bb50&Prime; size_phone=\u00a0\u00bb30&Prime; font_weight=\u00a0\u00bb600&Prime; font_family=\u00a0\u00bbnone\u00a0\u00bb align=\u00a0\u00bbcenter\u00a0\u00bb]<span style=\"color: #ffffff;\">CONSTRUCTION D&rsquo;HOSPITALIT\u00c9<\/span>[\/mk_fancy_title][\/vc_column][\/mk_page_section][mk_page_section padding_top=\u00a0\u00bb0&Prime; sidebar=\u00a0\u00bbsidebar-1&Prime;][vc_column width=\u00a0\u00bb1\/2&Prime;][mk_padding_divider size=\u00a0\u00bb30&Prime;][mk_fancy_title size=\u00a0\u00bb25&Prime; font_weight=\u00a0\u00bbbold\u00a0\u00bb margin_bottom=\u00a0\u00bb0&Prime; font_family=\u00a0\u00bbnone\u00a0\u00bb]<span style=\"color: #080e3e;\"><strong>CONSTRUCTION D&rsquo;HOSPITALIT\u00c9<\/strong><\/span>[\/mk_fancy_title][vc_column_text css=\u00a0\u00bb.vc_custom_1714427145636{margin-bottom: 0px !important;}\u00a0\u00bb]Nos services garantissent que votre projet b\u00e9n\u00e9ficie de l&rsquo;expertise et de l&rsquo;engagement n\u00e9cessaires pour cr\u00e9er des exp\u00e9riences exceptionnelles pour les clients. Notre \u00e9quipe se sp\u00e9cialise dans la cr\u00e9ation d&rsquo;espaces accueillants et luxueux. Nous comprenons les subtilit\u00e9s de la construction dans le secteur de l&rsquo;hospitalit\u00e9, de la cr\u00e9ation de designs captivants \u00e0 l&rsquo;int\u00e9gration de technologies de pointe et \u00e0 la garantie de la conformit\u00e9 aux normes de l&rsquo;industrie.<\/p>\n<p>Avec notre division de construction dans le secteur de l&rsquo;hospitalit\u00e9, vous obtenez un partenaire engag\u00e9 \u00e0 livrer des projets qui vont au-del\u00e0 de l&rsquo;esth\u00e9tique. Nous donnons la priorit\u00e9 \u00e0 la fonctionnalit\u00e9, \u00e0 la durabilit\u00e9 et \u00e0 l&rsquo;efficacit\u00e9, garantissant que votre \u00e9tablissement d&rsquo;accueil \u00e9blouit non seulement les clients, mais fonctionne \u00e9galement de mani\u00e8re transparente en coulisses. De la conception \u00e0 la r\u00e9alisation, notre attention port\u00e9e \u00e0 l&rsquo;artisanat de qualit\u00e9 et \u00e0 des solutions innovantes garantit que votre projet sera une destination remarquable, laissant une empreinte ind\u00e9l\u00e9bile sur les visiteurs et renfor\u00e7ant votre r\u00e9putation dans l&rsquo;industrie concurrentielle de l&rsquo;hospitalit\u00e9.[\/vc_column_text][\/vc_column][vc_column width=\u00a0\u00bb1\/2&Prime;][mk_padding_divider size=\u00a0\u00bb50&Prime;][vc_single_image image=\u00a0\u00bb5791&Prime; img_size=\u00a0\u00bbfull\u00a0\u00bb alignment=\u00a0\u00bbcenter\u00a0\u00bb][\/vc_column][\/mk_page_section][vc_row][vc_column][mk_padding_divider size=\u00a0\u00bb20&Prime;][\/vc_column][\/vc_row]\n<\/div>","protected":false},"excerpt":{"rendered":"<p>[mk_page_section bg_image=\u00a0\u00bbhttps:\/\/www.groupeurman.com\/wp-content\/uploads\/2023\/11\/gu-dining-room-449920291-2000&#215;787-1.jpg\u00a0\u00bb bg_position=\u00a0\u00bbcenter center\u00a0\u00bb bg_repeat=\u00a0\u00bbno-repeat\u00a0\u00bb bg_stretch=\u00a0\u00bbtrue\u00a0\u00bb video_color_mask=\u00a0\u00bb#000000&Prime; min_height=\u00a0\u00bb300&Prime; sidebar=\u00a0\u00bbsidebar-1&Prime;][vc_column][mk_padding_divider size=\u00a0\u00bb100&Prime;][mk_fancy_title size=\u00a0\u00bb65&Prime; force_font_size=\u00a0\u00bbtrue\u00a0\u00bb size_tablet=\u00a0\u00bb50&Prime; size_phone=\u00a0\u00bb30&Prime; font_weight=\u00a0\u00bb600&Prime; font_family=\u00a0\u00bbnone\u00a0\u00bb align=\u00a0\u00bbcenter\u00a0\u00bb]CONSTRUCTION D&rsquo;HOSPITALIT\u00c9[\/mk_fancy_title][\/vc_column][\/mk_page_section][mk_page_section padding_top=\u00a0\u00bb0&Prime; sidebar=\u00a0\u00bbsidebar-1&Prime;][vc_column width=\u00a0\u00bb1\/2&Prime;][mk_padding_divider size=\u00a0\u00bb30&Prime;][mk_fancy_title size=\u00a0\u00bb25&Prime; font_weight=\u00a0\u00bbbold\u00a0\u00bb margin_bottom=\u00a0\u00bb0&Prime; font_family=\u00a0\u00bbnone\u00a0\u00bb]CONSTRUCTION D&rsquo;HOSPITALIT\u00c9[\/mk_fancy_title][vc_column_text css=\u00a0\u00bb.vc_custom_1714427145636{margin-bottom: 0px !important;}\u00a0\u00bb]Nos services garantissent que votre projet b\u00e9n\u00e9ficie de l&rsquo;expertise et de l&rsquo;engagement n\u00e9cessaires pour cr\u00e9er des exp\u00e9riences exceptionnelles pour les clients. Notre \u00e9quipe se sp\u00e9cialise dans [&hellip;]<\/p>\n","protected":false},"author":1,"featured_media":0,"parent":6052,"menu_order":0,"comment_status":"closed","ping_status":"closed","template":"","meta":{"footnotes":""},"class_list":["post-6059","page","type-page","status-publish","hentry"],"_links":{"self":[{"href":"https:\/\/www.groupeurman.com\/fr\/wp-json\/wp\/v2\/pages\/6059","targetHints":{"allow":["GET"]}}],"collection":[{"href":"https:\/\/www.groupeurman.com\/fr\/wp-json\/wp\/v2\/pages"}],"about":[{"href":"https:\/\/www.groupeurman.com\/fr\/wp-json\/wp\/v2\/types\/page"}],"author":[{"embeddable":true,"href":"https:\/\/www.groupeurman.com\/fr\/wp-json\/wp\/v2\/users\/1"}],"replies":[{"embeddable":true,"href":"https:\/\/www.groupeurman.com\/fr\/wp-json\/wp\/v2\/comments?post=6059"}],"version-history":[{"count":2,"href":"https:\/\/www.groupeurman.com\/fr\/wp-json\/wp\/v2\/pages\/6059\/revisions"}],"predecessor-version":[{"id":6099,"href":"https:\/\/www.groupeurman.com\/fr\/wp-json\/wp\/v2\/pages\/6059\/revisions\/6099"}],"up":[{"embeddable":true,"href":"https:\/\/www.groupeurman.com\/fr\/wp-json\/wp\/v2\/pages\/6052"}],"wp:attachment":[{"href":"https:\/\/www.groupeurman.com\/fr\/wp-json\/wp\/v2\/media?parent=6059"}],"curies":[{"name":"wp","href":"https:\/\/api.w.org\/{rel}","templated":true}]}}