{"id":6057,"date":"2023-11-01T17:59:53","date_gmt":"2023-11-01T17:59:53","guid":{"rendered":"https:\/\/groupeurman.com\/?page_id=6057"},"modified":"2024-06-19T20:12:33","modified_gmt":"2024-06-19T20:12:33","slug":"construction-institutionnelle","status":"publish","type":"page","link":"https:\/\/www.groupeurman.com\/fr\/contractant-general\/construction-institutionnelle\/","title":{"rendered":"CONSTRUCTION INSTITUTIONNELLE"},"content":{"rendered":"[mk_page_section bg_image=\u00a0\u00bbhttps:\/\/www.groupeurman.com\/wp-content\/uploads\/2023\/11\/institution-corridor-2000&#215;1231-1.jpg\u00a0\u00bb bg_position=\u00a0\u00bbcenter center\u00a0\u00bb bg_repeat=\u00a0\u00bbno-repeat\u00a0\u00bb bg_stretch=\u00a0\u00bbtrue\u00a0\u00bb video_color_mask=\u00a0\u00bb#000000&Prime; min_height=\u00a0\u00bb300&Prime; sidebar=\u00a0\u00bbsidebar-1&Prime;][vc_column][mk_padding_divider size=\u00a0\u00bb100&Prime;][mk_fancy_title size=\u00a0\u00bb65&Prime; force_font_size=\u00a0\u00bbtrue\u00a0\u00bb size_tablet=\u00a0\u00bb50&Prime; size_phone=\u00a0\u00bb30&Prime; font_weight=\u00a0\u00bb600&Prime; font_family=\u00a0\u00bbnone\u00a0\u00bb align=\u00a0\u00bbcenter\u00a0\u00bb]<span style=\"color: #ffffff;\">CONSTRUCTION INSTITUTIONNELLE<\/span>[\/mk_fancy_title][\/vc_column][\/mk_page_section][mk_page_section padding_top=\u00a0\u00bb0&Prime; sidebar=\u00a0\u00bbsidebar-1&Prime;][vc_column width=\u00a0\u00bb1\/2&Prime;][mk_padding_divider size=\u00a0\u00bb30&Prime;][mk_fancy_title size=\u00a0\u00bb25&Prime; font_weight=\u00a0\u00bbbold\u00a0\u00bb margin_bottom=\u00a0\u00bb0&Prime; font_family=\u00a0\u00bbnone\u00a0\u00bb]<span style=\"color: #080e3e;\"><strong>CONSTRUCTION INSTITUTIONNELLE<\/strong><\/span>[\/mk_fancy_title][vc_column_text css=\u00a0\u00bb.vc_custom_1714426569635{margin-bottom: 0px !important;}\u00a0\u00bb]<span style=\"color: #080e3e;\">Notre \u00e9quipe de professionnels se sp\u00e9cialise dans la construction d&rsquo;installations qui servent des fonctions publiques vitales, telles que les institutions \u00e9ducatives, les centres de sant\u00e9 et les b\u00e2timents gouvernementaux. Nous comprenons les exigences et les normes uniques qui r\u00e9gissent la construction institutionnelle, de la conformit\u00e9 aux r\u00e9glementations strictes \u00e0 la n\u00e9cessit\u00e9 d&rsquo;une infrastructure sp\u00e9cialis\u00e9e. Avec Groupe Urman, vous pouvez compter sur un partenaire qui donne la priorit\u00e9 \u00e0 la pr\u00e9cision, \u00e0 l&rsquo;efficacit\u00e9 et \u00e0 l&rsquo;innovation. Nous sommes bien vers\u00e9s dans la gestion de projets complexes, veillant \u00e0 ce que votre installation soit non seulement structurellement solide, mais aussi con\u00e7ue pour optimiser la fonctionnalit\u00e9 et la durabilit\u00e9 \u00e0 long terme.<\/span><\/p>\n<p><span style=\"color: #080e3e;\">Certaines des sp\u00e9cialisations de notre \u00e9quipe comprennent :<\/span><\/p>\n<ul>\n<li><span style=\"color: #080e3e;\"><strong>Cliniques dentaires<\/strong><\/span><\/li>\n<li><span style=\"color: #080e3e;\"><strong>Cliniques v\u00e9t\u00e9rinaires<\/strong><\/span><\/li>\n<li><span style=\"color: #080e3e;\"><strong>Opticiens<\/strong><\/span><\/li>\n<li><span style=\"color: #080e3e;\"><strong>Audiologistes<\/strong><\/span><\/li>\n<li><span style=\"color: #080e3e;\"><strong>Soins de sant\u00e9<\/strong><\/span><\/li>\n<li><span style=\"color: #080e3e;\"><strong>R\u00e9sidences pour personnes \u00e2g\u00e9es (CHSLD)<\/strong><\/span><\/li>\n<li><span style=\"color: #080e3e;\"><strong>Et plus encore<\/strong><\/span><\/li>\n<\/ul>\n[\/vc_column_text][\/vc_column][vc_column width=\u00a0\u00bb1\/2&Prime;][mk_padding_divider size=\u00a0\u00bb50&Prime;][vc_single_image image=\u00a0\u00bb5785&Prime; img_size=\u00a0\u00bbfull\u00a0\u00bb alignment=\u00a0\u00bbcenter\u00a0\u00bb][\/vc_column][\/mk_page_section]\n","protected":false},"excerpt":{"rendered":"<p>[mk_page_section bg_image=\u00a0\u00bbhttps:\/\/www.groupeurman.com\/wp-content\/uploads\/2023\/11\/institution-corridor-2000&#215;1231-1.jpg\u00a0\u00bb bg_position=\u00a0\u00bbcenter center\u00a0\u00bb bg_repeat=\u00a0\u00bbno-repeat\u00a0\u00bb bg_stretch=\u00a0\u00bbtrue\u00a0\u00bb video_color_mask=\u00a0\u00bb#000000&Prime; min_height=\u00a0\u00bb300&Prime; sidebar=\u00a0\u00bbsidebar-1&Prime;][vc_column][mk_padding_divider size=\u00a0\u00bb100&Prime;][mk_fancy_title size=\u00a0\u00bb65&Prime; force_font_size=\u00a0\u00bbtrue\u00a0\u00bb size_tablet=\u00a0\u00bb50&Prime; size_phone=\u00a0\u00bb30&Prime; font_weight=\u00a0\u00bb600&Prime; font_family=\u00a0\u00bbnone\u00a0\u00bb align=\u00a0\u00bbcenter\u00a0\u00bb]CONSTRUCTION INSTITUTIONNELLE[\/mk_fancy_title][\/vc_column][\/mk_page_section][mk_page_section padding_top=\u00a0\u00bb0&Prime; sidebar=\u00a0\u00bbsidebar-1&Prime;][vc_column width=\u00a0\u00bb1\/2&Prime;][mk_padding_divider size=\u00a0\u00bb30&Prime;][mk_fancy_title size=\u00a0\u00bb25&Prime; font_weight=\u00a0\u00bbbold\u00a0\u00bb margin_bottom=\u00a0\u00bb0&Prime; font_family=\u00a0\u00bbnone\u00a0\u00bb]CONSTRUCTION INSTITUTIONNELLE[\/mk_fancy_title][vc_column_text css=\u00a0\u00bb.vc_custom_1714426569635{margin-bottom: 0px !important;}\u00a0\u00bb]Notre \u00e9quipe de professionnels se sp\u00e9cialise dans la construction d&rsquo;installations qui servent des fonctions publiques vitales, telles que les institutions \u00e9ducatives, les centres de sant\u00e9 et [&hellip;]<\/p>\n","protected":false},"author":1,"featured_media":0,"parent":6052,"menu_order":0,"comment_status":"closed","ping_status":"closed","template":"","meta":{"footnotes":""},"class_list":["post-6057","page","type-page","status-publish","hentry"],"_links":{"self":[{"href":"https:\/\/www.groupeurman.com\/fr\/wp-json\/wp\/v2\/pages\/6057","targetHints":{"allow":["GET"]}}],"collection":[{"href":"https:\/\/www.groupeurman.com\/fr\/wp-json\/wp\/v2\/pages"}],"about":[{"href":"https:\/\/www.groupeurman.com\/fr\/wp-json\/wp\/v2\/types\/page"}],"author":[{"embeddable":true,"href":"https:\/\/www.groupeurman.com\/fr\/wp-json\/wp\/v2\/users\/1"}],"replies":[{"embeddable":true,"href":"https:\/\/www.groupeurman.com\/fr\/wp-json\/wp\/v2\/comments?post=6057"}],"version-history":[{"count":2,"href":"https:\/\/www.groupeurman.com\/fr\/wp-json\/wp\/v2\/pages\/6057\/revisions"}],"predecessor-version":[{"id":6101,"href":"https:\/\/www.groupeurman.com\/fr\/wp-json\/wp\/v2\/pages\/6057\/revisions\/6101"}],"up":[{"embeddable":true,"href":"https:\/\/www.groupeurman.com\/fr\/wp-json\/wp\/v2\/pages\/6052"}],"wp:attachment":[{"href":"https:\/\/www.groupeurman.com\/fr\/wp-json\/wp\/v2\/media?parent=6057"}],"curies":[{"name":"wp","href":"https:\/\/api.w.org\/{rel}","templated":true}]}}