{"id":6054,"date":"2023-10-31T19:36:02","date_gmt":"2023-10-31T19:36:02","guid":{"rendered":"https:\/\/groupeurman.com\/?page_id=6054"},"modified":"2024-06-19T20:05:57","modified_gmt":"2024-06-19T20:05:57","slug":"construction-commerciale","status":"publish","type":"page","link":"https:\/\/www.groupeurman.com\/fr\/contractant-general\/construction-commerciale\/","title":{"rendered":"CONSTRUCTION COMMERCIALE"},"content":{"rendered":"<div class=\"wpb-content-wrapper\">[mk_page_section bg_image=\u00a0\u00bbhttps:\/\/www.groupeurman.com\/wp-content\/uploads\/2023\/11\/construction.jpg\u00a0\u00bb bg_position=\u00a0\u00bbcenter top\u00a0\u00bb bg_repeat=\u00a0\u00bbno-repeat\u00a0\u00bb bg_stretch=\u00a0\u00bbtrue\u00a0\u00bb video_color_mask=\u00a0\u00bb#000000&Prime; min_height=\u00a0\u00bb300&Prime; sidebar=\u00a0\u00bbsidebar-1&Prime;][vc_column][mk_padding_divider size=\u00a0\u00bb100&Prime;][mk_fancy_title size=\u00a0\u00bb65&Prime; force_font_size=\u00a0\u00bbtrue\u00a0\u00bb size_tablet=\u00a0\u00bb50&Prime; size_phone=\u00a0\u00bb30&Prime; font_weight=\u00a0\u00bb600&Prime; font_family=\u00a0\u00bbMontserrat\u00a0\u00bb font_type=\u00a0\u00bbgoogle\u00a0\u00bb align=\u00a0\u00bbcenter\u00a0\u00bb]<span style=\"color: #ffffff;\">CONSTRUCTION COMMERCIALE<\/span>[\/mk_fancy_title][\/vc_column][\/mk_page_section][vc_row][vc_column][vc_row_inner][vc_column_inner width=\u00a0\u00bb1\/2&Prime;][mk_padding_divider size=\u00a0\u00bb30&Prime;][mk_fancy_title size=\u00a0\u00bb25&Prime; font_weight=\u00a0\u00bbbold\u00a0\u00bb margin_bottom=\u00a0\u00bb0&Prime; font_family=\u00a0\u00bbMontserrat\u00a0\u00bb font_type=\u00a0\u00bbgoogle\u00a0\u00bb]<span style=\"color: #080e3e;\"><strong>CONSTRUCTION COMMERCIALE<\/strong><\/span>[\/mk_fancy_title][vc_column_text css=\u00a0\u00bb.vc_custom_1714426203324{margin-bottom: 0px !important;}\u00a0\u00bb]Le partenariat avec la division de construction commerciale de notre entreprise offre une multitude d&rsquo;avantages pour votre projet. Tout d&rsquo;abord, nos professionnels chevronn\u00e9s apportent une richesse d&rsquo;exp\u00e9rience et d&rsquo;expertise de l&rsquo;industrie \u00e0 la table. Nous comprenons les d\u00e9fis uniques et les subtilit\u00e9s de la construction commerciale, de la conformit\u00e9 aux codes et r\u00e9glementations stricts en mati\u00e8re de construction \u00e0 l&rsquo;optimisation de l&rsquo;utilisation de l&rsquo;espace pour divers besoins commerciaux. Avec notre savoir-faire, vous pouvez \u00eatre s\u00fbr que votre projet sera ex\u00e9cut\u00e9 avec pr\u00e9cision et conformit\u00e9.<\/p>\n<p>De plus, notre engagement envers l&rsquo;excellence est int\u00e9gr\u00e9 dans tous les aspects de nos services de construction commerciale. Nous donnons la priorit\u00e9 \u00e0 l&rsquo;artisanat de qualit\u00e9, au design innovant et \u00e0 des solutions rentables. Notre expertise en gestion de projet garantit que votre calendrier et votre budget sont g\u00e9r\u00e9s avec minutie, minimisant les interruptions et les d\u00e9penses impr\u00e9vues. Que vous envisagiez un nouvel espace de bureau, un \u00e9tablissement de vente au d\u00e9tail, etc., notre division de construction commerciale est d\u00e9di\u00e9e \u00e0 la livraison d&rsquo;un produit fini qui non seulement r\u00e9pond, mais d\u00e9passe vos attentes, offrant ainsi une base solide pour le succ\u00e8s de votre entreprise.[\/vc_column_text][\/vc_column_inner][vc_column_inner width=\u00a0\u00bb1\/2&Prime;][mk_padding_divider size=\u00a0\u00bb50&Prime;][vc_single_image image=\u00a0\u00bb5722&Prime; img_size=\u00a0\u00bbfull\u00a0\u00bb alignment=\u00a0\u00bbcenter\u00a0\u00bb][\/vc_column_inner][\/vc_row_inner][\/vc_column][\/vc_row]\n<\/div>","protected":false},"excerpt":{"rendered":"<p>[mk_page_section bg_image=\u00a0\u00bbhttps:\/\/www.groupeurman.com\/wp-content\/uploads\/2023\/11\/construction.jpg\u00a0\u00bb bg_position=\u00a0\u00bbcenter top\u00a0\u00bb bg_repeat=\u00a0\u00bbno-repeat\u00a0\u00bb bg_stretch=\u00a0\u00bbtrue\u00a0\u00bb video_color_mask=\u00a0\u00bb#000000&Prime; min_height=\u00a0\u00bb300&Prime; sidebar=\u00a0\u00bbsidebar-1&Prime;][vc_column][mk_padding_divider size=\u00a0\u00bb100&Prime;][mk_fancy_title size=\u00a0\u00bb65&Prime; force_font_size=\u00a0\u00bbtrue\u00a0\u00bb size_tablet=\u00a0\u00bb50&Prime; size_phone=\u00a0\u00bb30&Prime; font_weight=\u00a0\u00bb600&Prime; font_family=\u00a0\u00bbMontserrat\u00a0\u00bb font_type=\u00a0\u00bbgoogle\u00a0\u00bb align=\u00a0\u00bbcenter\u00a0\u00bb]CONSTRUCTION COMMERCIALE[\/mk_fancy_title][\/vc_column][\/mk_page_section][vc_row][vc_column][vc_row_inner][vc_column_inner width=\u00a0\u00bb1\/2&Prime;][mk_padding_divider size=\u00a0\u00bb30&Prime;][mk_fancy_title size=\u00a0\u00bb25&Prime; font_weight=\u00a0\u00bbbold\u00a0\u00bb margin_bottom=\u00a0\u00bb0&Prime; font_family=\u00a0\u00bbMontserrat\u00a0\u00bb font_type=\u00a0\u00bbgoogle\u00a0\u00bb]CONSTRUCTION COMMERCIALE[\/mk_fancy_title][vc_column_text css=\u00a0\u00bb.vc_custom_1714426203324{margin-bottom: 0px !important;}\u00a0\u00bb]Le partenariat avec la division de construction commerciale de notre entreprise offre une multitude d&rsquo;avantages pour votre projet. Tout d&rsquo;abord, nos professionnels chevronn\u00e9s apportent une richesse [&hellip;]<\/p>\n","protected":false},"author":1,"featured_media":0,"parent":6052,"menu_order":0,"comment_status":"closed","ping_status":"closed","template":"","meta":{"footnotes":""},"class_list":["post-6054","page","type-page","status-publish","hentry"],"_links":{"self":[{"href":"https:\/\/www.groupeurman.com\/fr\/wp-json\/wp\/v2\/pages\/6054","targetHints":{"allow":["GET"]}}],"collection":[{"href":"https:\/\/www.groupeurman.com\/fr\/wp-json\/wp\/v2\/pages"}],"about":[{"href":"https:\/\/www.groupeurman.com\/fr\/wp-json\/wp\/v2\/types\/page"}],"author":[{"embeddable":true,"href":"https:\/\/www.groupeurman.com\/fr\/wp-json\/wp\/v2\/users\/1"}],"replies":[{"embeddable":true,"href":"https:\/\/www.groupeurman.com\/fr\/wp-json\/wp\/v2\/comments?post=6054"}],"version-history":[{"count":2,"href":"https:\/\/www.groupeurman.com\/fr\/wp-json\/wp\/v2\/pages\/6054\/revisions"}],"predecessor-version":[{"id":6097,"href":"https:\/\/www.groupeurman.com\/fr\/wp-json\/wp\/v2\/pages\/6054\/revisions\/6097"}],"up":[{"embeddable":true,"href":"https:\/\/www.groupeurman.com\/fr\/wp-json\/wp\/v2\/pages\/6052"}],"wp:attachment":[{"href":"https:\/\/www.groupeurman.com\/fr\/wp-json\/wp\/v2\/media?parent=6054"}],"curies":[{"name":"wp","href":"https:\/\/api.w.org\/{rel}","templated":true}]}}