{"id":6041,"date":"2023-11-01T17:28:04","date_gmt":"2023-11-01T17:28:04","guid":{"rendered":"https:\/\/groupeurman.com\/?page_id=6041"},"modified":"2024-06-19T19:57:27","modified_gmt":"2024-06-19T19:57:27","slug":"gestion-de-projet","status":"publish","type":"page","link":"https:\/\/www.groupeurman.com\/fr\/services\/gestion-de-projet\/","title":{"rendered":"GESTION DE PROJET"},"content":{"rendered":"[mk_page_section bg_image=\u00a0\u00bbhttps:\/\/www.groupeurman.com\/wp-content\/uploads\/2023\/10\/gu-plans-1327447342-2000&#215;1333-1.jpg\u00a0\u00bb attachment=\u00a0\u00bbfixed\u00a0\u00bb bg_position=\u00a0\u00bbcenter center\u00a0\u00bb bg_repeat=\u00a0\u00bbno-repeat\u00a0\u00bb bg_stretch=\u00a0\u00bbtrue\u00a0\u00bb video_color_mask=\u00a0\u00bb#000000&Prime; min_height=\u00a0\u00bb300&Prime; sidebar=\u00a0\u00bbsidebar-1&Prime;][vc_column][mk_padding_divider size=\u00a0\u00bb100&Prime;][mk_fancy_title size=\u00a0\u00bb65&Prime; force_font_size=\u00a0\u00bbtrue\u00a0\u00bb size_tablet=\u00a0\u00bb50&Prime; size_phone=\u00a0\u00bb30&Prime; font_weight=\u00a0\u00bb600&Prime; font_family=\u00a0\u00bbnone\u00a0\u00bb align=\u00a0\u00bbcenter\u00a0\u00bb]<span style=\"color: #ffffff;\">GESTION DE PROJET<\/span>[\/mk_fancy_title][\/vc_column][\/mk_page_section][mk_page_section][vc_column width=\u00a0\u00bb1\/2&Prime;][mk_padding_divider size=\u00a0\u00bb30&Prime;][mk_fancy_title size=\u00a0\u00bb25&Prime; font_weight=\u00a0\u00bbbold\u00a0\u00bb txt_transform=\u00a0\u00bbcapitalize\u00a0\u00bb letter_spacing=\u00a0\u00bb1&Prime; margin_bottom=\u00a0\u00bb0&Prime; font_family=\u00a0\u00bbnone\u00a0\u00bb]<span style=\"color: #080e3e;\">GESTION DE PROJET<\/span>[\/mk_fancy_title][vc_column_text css=\u00a0\u00bb.vc_custom_1714424340115{margin-bottom: 0px !important;}\u00a0\u00bb]Une \u00e9quipe solide de gestion de projet est la cl\u00e9 pour obtenir des exp\u00e9riences de construction sans faille, efficaces et r\u00e9ussies. Nos chefs de projet chevronn\u00e9s apportent une richesse d&rsquo;exp\u00e9rience \u00e0 chaque projet, garantissant que tous les aspects, de la planification initiale \u00e0 la livraison finale, sont minutieusement supervis\u00e9s. Nous nous sp\u00e9cialisons dans le maintien des projets dans les d\u00e9lais, dans le budget et conformes aux normes r\u00e9glementaires, vous permettant de vous concentrer sur les besoins quotidiens pendant que Groupe Urman s&rsquo;occupe du reste.<\/p>\n<p>Avec nos services de gestion de projet, vous b\u00e9n\u00e9ficierez d&rsquo;une planification compl\u00e8te, d&rsquo;une \u00e9valuation des risques et de strat\u00e9gies de communication ouvertes. Notre engagement envers l&rsquo;excellence garantit que votre projet de construction avance avec pr\u00e9cision, qualit\u00e9 et transparence. Que ce soit pour un d\u00e9veloppement commercial \u00e0 grande \u00e9chelle ou une construction r\u00e9sidentielle, notre \u00e9quipe de gestion de projet vous m\u00e8nera \u00e0 la r\u00e9alisation de vos objectifs de construction de mani\u00e8re efficace et efficace.[\/vc_column_text][\/vc_column][vc_column width=\u00a0\u00bb1\/2&Prime;][mk_padding_divider size=\u00a0\u00bb50&Prime;][vc_single_image image=\u00a0\u00bb6077&Prime; img_size=\u00a0\u00bbfull\u00a0\u00bb alignment=\u00a0\u00bbcenter\u00a0\u00bb css=\u00a0\u00bb\u00a0\u00bb][\/vc_column][\/mk_page_section]\n","protected":false},"excerpt":{"rendered":"<p>[mk_page_section bg_image=\u00a0\u00bbhttps:\/\/www.groupeurman.com\/wp-content\/uploads\/2023\/10\/gu-plans-1327447342-2000&#215;1333-1.jpg\u00a0\u00bb attachment=\u00a0\u00bbfixed\u00a0\u00bb bg_position=\u00a0\u00bbcenter center\u00a0\u00bb bg_repeat=\u00a0\u00bbno-repeat\u00a0\u00bb bg_stretch=\u00a0\u00bbtrue\u00a0\u00bb video_color_mask=\u00a0\u00bb#000000&Prime; min_height=\u00a0\u00bb300&Prime; sidebar=\u00a0\u00bbsidebar-1&Prime;][vc_column][mk_padding_divider size=\u00a0\u00bb100&Prime;][mk_fancy_title size=\u00a0\u00bb65&Prime; force_font_size=\u00a0\u00bbtrue\u00a0\u00bb size_tablet=\u00a0\u00bb50&Prime; size_phone=\u00a0\u00bb30&Prime; font_weight=\u00a0\u00bb600&Prime; font_family=\u00a0\u00bbnone\u00a0\u00bb align=\u00a0\u00bbcenter\u00a0\u00bb]GESTION DE PROJET[\/mk_fancy_title][\/vc_column][\/mk_page_section][mk_page_section][vc_column width=\u00a0\u00bb1\/2&Prime;][mk_padding_divider size=\u00a0\u00bb30&Prime;][mk_fancy_title size=\u00a0\u00bb25&Prime; font_weight=\u00a0\u00bbbold\u00a0\u00bb txt_transform=\u00a0\u00bbcapitalize\u00a0\u00bb letter_spacing=\u00a0\u00bb1&Prime; margin_bottom=\u00a0\u00bb0&Prime; font_family=\u00a0\u00bbnone\u00a0\u00bb]GESTION DE PROJET[\/mk_fancy_title][vc_column_text css=\u00a0\u00bb.vc_custom_1714424340115{margin-bottom: 0px !important;}\u00a0\u00bb]Une \u00e9quipe solide de gestion de projet est la cl\u00e9 pour obtenir des exp\u00e9riences de construction sans faille, efficaces et r\u00e9ussies. Nos chefs [&hellip;]<\/p>\n","protected":false},"author":1,"featured_media":0,"parent":6036,"menu_order":0,"comment_status":"closed","ping_status":"closed","template":"","meta":{"footnotes":""},"class_list":["post-6041","page","type-page","status-publish","hentry"],"_links":{"self":[{"href":"https:\/\/www.groupeurman.com\/fr\/wp-json\/wp\/v2\/pages\/6041","targetHints":{"allow":["GET"]}}],"collection":[{"href":"https:\/\/www.groupeurman.com\/fr\/wp-json\/wp\/v2\/pages"}],"about":[{"href":"https:\/\/www.groupeurman.com\/fr\/wp-json\/wp\/v2\/types\/page"}],"author":[{"embeddable":true,"href":"https:\/\/www.groupeurman.com\/fr\/wp-json\/wp\/v2\/users\/1"}],"replies":[{"embeddable":true,"href":"https:\/\/www.groupeurman.com\/fr\/wp-json\/wp\/v2\/comments?post=6041"}],"version-history":[{"count":4,"href":"https:\/\/www.groupeurman.com\/fr\/wp-json\/wp\/v2\/pages\/6041\/revisions"}],"predecessor-version":[{"id":6093,"href":"https:\/\/www.groupeurman.com\/fr\/wp-json\/wp\/v2\/pages\/6041\/revisions\/6093"}],"up":[{"embeddable":true,"href":"https:\/\/www.groupeurman.com\/fr\/wp-json\/wp\/v2\/pages\/6036"}],"wp:attachment":[{"href":"https:\/\/www.groupeurman.com\/fr\/wp-json\/wp\/v2\/media?parent=6041"}],"curies":[{"name":"wp","href":"https:\/\/api.w.org\/{rel}","templated":true}]}}