{"id":6038,"date":"2023-11-01T15:54:55","date_gmt":"2023-11-01T15:54:55","guid":{"rendered":"https:\/\/groupeurman.com\/?page_id=6038"},"modified":"2024-06-19T19:51:39","modified_gmt":"2024-06-19T19:51:39","slug":"consultation-precoce","status":"publish","type":"page","link":"https:\/\/www.groupeurman.com\/fr\/services\/consultation-precoce\/","title":{"rendered":"CONSULTATION PR\u00c9COCE"},"content":{"rendered":"<div class=\"wpb-content-wrapper\">[mk_page_section bg_image=\u00a0\u00bbhttps:\/\/www.groupeurman.com\/wp-content\/uploads\/2023\/10\/gu-plans-hands-1425667508-2000&#215;1333-1.jpg\u00a0\u00bb attachment=\u00a0\u00bbfixed\u00a0\u00bb bg_position=\u00a0\u00bbcenter center\u00a0\u00bb bg_repeat=\u00a0\u00bbno-repeat\u00a0\u00bb bg_stretch=\u00a0\u00bbtrue\u00a0\u00bb video_color_mask=\u00a0\u00bb#000000&Prime; min_height=\u00a0\u00bb300&Prime; sidebar=\u00a0\u00bbsidebar-1&Prime;][vc_column][mk_padding_divider size=\u00a0\u00bb100&Prime;][mk_fancy_title size=\u00a0\u00bb65&Prime; force_font_size=\u00a0\u00bbtrue\u00a0\u00bb size_tablet=\u00a0\u00bb50&Prime; size_phone=\u00a0\u00bb30&Prime; font_weight=\u00a0\u00bb600&Prime; font_family=\u00a0\u00bbnone\u00a0\u00bb align=\u00a0\u00bbcenter\u00a0\u00bb]<span style=\"color: #ffffff;\">CONSULTATION PR\u00c9COCE<\/span>[\/mk_fancy_title][\/vc_column][\/mk_page_section][vc_row][vc_column width=\u00a0\u00bb1\/2&Prime;][mk_padding_divider size=\u00a0\u00bb30&Prime;][mk_fancy_title size=\u00a0\u00bb25&Prime; font_weight=\u00a0\u00bbbold\u00a0\u00bb margin_bottom=\u00a0\u00bb0&Prime; font_family=\u00a0\u00bbnone\u00a0\u00bb]<span style=\"color: #080e3e;\">CONSULTATION PR\u00c9COCE<\/span>[\/mk_fancy_title][vc_column_text css=\u00a0\u00bb.vc_custom_1714423978179{margin-bottom: 0px !important;}\u00a0\u00bb]La consultation \u00e0 un stade pr\u00e9coce de notre entreprise est un catalyseur pour le succ\u00e8s de votre projet. Nos consultants chevronn\u00e9s poss\u00e8dent une connaissance approfondie de l&rsquo;industrie de la construction, offrant des id\u00e9es inestimables qui peuvent b\u00e9n\u00e9ficier consid\u00e9rablement \u00e0 vos efforts. D\u00e8s le tout d\u00e9but, nous vous aiderons \u00e0 r\u00e9aliser des \u00e9valuations de faisabilit\u00e9 approfondies, garantissant que votre projet de construction est align\u00e9 sur vos objectifs et est \u00e9conomiquement viable.<\/p>\n<p>De plus, notre expertise s&rsquo;\u00e9tend \u00e0 la planification strat\u00e9gique et \u00e0 la gestion des risques. Nous travaillerons en \u00e9troite collaboration avec votre \u00e9quipe pour \u00e9laborer un p\u00e9rim\u00e8tre de travail couvrant tout, de la budg\u00e9tisation et de la planification \u00e0 la conformit\u00e9 r\u00e9glementaire et aux strat\u00e9gies d&rsquo;approvisionnement. Ce faisant, nous vous aidons \u00e0 identifier et \u00e0 att\u00e9nuer proactivement les obstacles potentiels, minimisant les retards et les d\u00e9passements de co\u00fbts.<\/p>\n<p>De plus, nos services de consultation \u00e0 un stade pr\u00e9coce favorisent la collaboration et le transfert de connaissances au sein de votre organisation. Nous ne fournissons pas seulement des solutions ; nous renfor\u00e7ons votre \u00e9quipe avec les comp\u00e9tences et les informations n\u00e9cessaires pour prendre des d\u00e9cisions \u00e9clair\u00e9es tout au long du cycle de vie du projet. Cela non seulement am\u00e9liore l&rsquo;efficacit\u00e9 de vos processus de construction, mais renforce \u00e9galement la r\u00e9silience \u00e0 long terme de vos op\u00e9rations.<br \/>\n[\/vc_column_text][\/vc_column][vc_column width=\u00a0\u00bb1\/2&Prime;][mk_padding_divider size=\u00a0\u00bb50&Prime;][vc_single_image image=\u00a0\u00bb5754&Prime; img_size=\u00a0\u00bbfull\u00a0\u00bb alignment=\u00a0\u00bbcenter\u00a0\u00bb][\/vc_column][\/vc_row]\n<\/div>","protected":false},"excerpt":{"rendered":"<p>[mk_page_section bg_image=\u00a0\u00bbhttps:\/\/www.groupeurman.com\/wp-content\/uploads\/2023\/10\/gu-plans-hands-1425667508-2000&#215;1333-1.jpg\u00a0\u00bb attachment=\u00a0\u00bbfixed\u00a0\u00bb bg_position=\u00a0\u00bbcenter center\u00a0\u00bb bg_repeat=\u00a0\u00bbno-repeat\u00a0\u00bb bg_stretch=\u00a0\u00bbtrue\u00a0\u00bb video_color_mask=\u00a0\u00bb#000000&Prime; min_height=\u00a0\u00bb300&Prime; sidebar=\u00a0\u00bbsidebar-1&Prime;][vc_column][mk_padding_divider size=\u00a0\u00bb100&Prime;][mk_fancy_title size=\u00a0\u00bb65&Prime; force_font_size=\u00a0\u00bbtrue\u00a0\u00bb size_tablet=\u00a0\u00bb50&Prime; size_phone=\u00a0\u00bb30&Prime; font_weight=\u00a0\u00bb600&Prime; font_family=\u00a0\u00bbnone\u00a0\u00bb align=\u00a0\u00bbcenter\u00a0\u00bb]CONSULTATION PR\u00c9COCE[\/mk_fancy_title][\/vc_column][\/mk_page_section][vc_row][vc_column width=\u00a0\u00bb1\/2&Prime;][mk_padding_divider size=\u00a0\u00bb30&Prime;][mk_fancy_title size=\u00a0\u00bb25&Prime; font_weight=\u00a0\u00bbbold\u00a0\u00bb margin_bottom=\u00a0\u00bb0&Prime; font_family=\u00a0\u00bbnone\u00a0\u00bb]CONSULTATION PR\u00c9COCE[\/mk_fancy_title][vc_column_text css=\u00a0\u00bb.vc_custom_1714423978179{margin-bottom: 0px !important;}\u00a0\u00bb]La consultation \u00e0 un stade pr\u00e9coce de notre entreprise est un catalyseur pour le succ\u00e8s de votre projet. Nos consultants chevronn\u00e9s poss\u00e8dent une connaissance approfondie de l&rsquo;industrie [&hellip;]<\/p>\n","protected":false},"author":1,"featured_media":0,"parent":6036,"menu_order":0,"comment_status":"closed","ping_status":"closed","template":"","meta":{"footnotes":""},"class_list":["post-6038","page","type-page","status-publish","hentry"],"_links":{"self":[{"href":"https:\/\/www.groupeurman.com\/fr\/wp-json\/wp\/v2\/pages\/6038","targetHints":{"allow":["GET"]}}],"collection":[{"href":"https:\/\/www.groupeurman.com\/fr\/wp-json\/wp\/v2\/pages"}],"about":[{"href":"https:\/\/www.groupeurman.com\/fr\/wp-json\/wp\/v2\/types\/page"}],"author":[{"embeddable":true,"href":"https:\/\/www.groupeurman.com\/fr\/wp-json\/wp\/v2\/users\/1"}],"replies":[{"embeddable":true,"href":"https:\/\/www.groupeurman.com\/fr\/wp-json\/wp\/v2\/comments?post=6038"}],"version-history":[{"count":2,"href":"https:\/\/www.groupeurman.com\/fr\/wp-json\/wp\/v2\/pages\/6038\/revisions"}],"predecessor-version":[{"id":6089,"href":"https:\/\/www.groupeurman.com\/fr\/wp-json\/wp\/v2\/pages\/6038\/revisions\/6089"}],"up":[{"embeddable":true,"href":"https:\/\/www.groupeurman.com\/fr\/wp-json\/wp\/v2\/pages\/6036"}],"wp:attachment":[{"href":"https:\/\/www.groupeurman.com\/fr\/wp-json\/wp\/v2\/media?parent=6038"}],"curies":[{"name":"wp","href":"https:\/\/api.w.org\/{rel}","templated":true}]}}